{"id":26,"date":"2013-01-20T16:30:57","date_gmt":"2013-01-20T14:30:57","guid":{"rendered":"http:\/\/www.otvn.de\/?page_id=26"},"modified":"2023-02-18T08:05:19","modified_gmt":"2023-02-18T07:05:19","slug":"uber-uns","status":"publish","type":"page","link":"http:\/\/www.otvn.de\/?page_id=26","title":{"rendered":"\u00dcber uns"},"content":{"rendered":"<p><a href=\"http:\/\/www.otvn.de\/wp-content\/uploads\/Gr\u00fcndungsbild-1.png\"><img loading=\"lazy\" class=\"alignnone size-medium wp-image-212\" src=\"http:\/\/www.otvn.de\/wp-content\/uploads\/Gr\u00fcndungsbild-1-300x127.png\" alt=\"Gr\u00fcndungsbild 1\" width=\"300\" height=\"127\" srcset=\"http:\/\/www.otvn.de\/wp-content\/uploads\/Gr\u00fcndungsbild-1-300x127.png 300w, http:\/\/www.otvn.de\/wp-content\/uploads\/Gr\u00fcndungsbild-1.png 500w\" sizes=\"(max-width: 300px) 100vw, 300px\" \/><\/a>\u00a0Bild Gr\u00fcndungsversammlung<\/p>\n<p>Am 02.12.2012 fanden sich Oldtimerfreunde aus Neundorf und Wiesa zusammen, um einen Verein zu gr\u00fcnden, der allen Oldtimer- und Technikinteressierten in der Gemeinde Thermalbad Wiesenbad und in der Umgebung einen gemeinsamen Anlaufpunkt bietet.<\/p>\n<p>Nachdem in Neundorf bereits anl\u00e4sslich des Feuerwehrfestes 2010 und des Dorffestes 2011 Oldtimer-Wertungsfahrten organisiert wurden, war es immer wieder das Anliegen einzelner Oldtimerbesitzer, sich in einem Verein zusammenzuschlie\u00dfen.<\/p>\n<p>Ziel des Vereins ist es, dass vorhandene Interesse am Erhalt, der Restaurierung und der Pr\u00e4sentation des \u201etechnischen Kulturgutes Oldtimer\u201c zu b\u00fcndeln und gemeinsam der \u00d6ffentlichkeit zug\u00e4nglich zu machen. Dies beginnt in Form von gemeinsamen Ausfahrten, \u00fcber den Austausch von technischem Wissen bis hin zur Teilnahme an Oldtimertreffen.<\/p>\n<p><span style=\"font-size: 1em;\">Wir sind immer, wie wohl auch alle anderen Vereine, auf der Suche nach neuen Mitstreitern, die unser Anfangs rostiges und am Ende sch\u00f6nes Hobby teilen.<\/span><\/p>\n<p>Wer also Besitzer eines alten Sch\u00e4tzchens ist, ob Mofa, Motorrad, PKW, LKW, Traktor\u00a0oder auch anderer alter Technik, der ist bei uns herzlich willkommen.<\/p>\n<p>Der Verein wurde von neun Mitgliedern gegr\u00fcndet. Diese sind:<\/p>\n<p>Lars G\u00e4rtner, Ren\u00e9 G\u00e4rtner, Enrico Mey, Thomas Mey, Mirko Schiefer, Sieghard Mey und Wilfried Obst, alle aus Neundorf, sowie Ronny Winkler und Gerald Winkler aus Wiesa.<\/p>\n<p>Vorstand des Vereins ist Rene G\u00e4rtner, als Stellvertreter fungiert Enrico Mey.<\/p>\n<p>23.02.13<\/p>\n<p>Erste Mitglieds-Neuaufnahme: Markus L\u00e4mmel Neundorf MZ RT 125; DKW SB 500<\/p>\n<p>21.05.2013<\/p>\n<p>Aufnahme Mitglied Nummer 11: G\u00fcnter H\u00f6rig, J\u00f6hstadt OT Schmalzgrube, AWO 425 Touren Bj. 60 und M\u00e4hdrescher Deutz-Fahr M 66 Bj. 72<\/p>\n<p>30.01.2015<\/p>\n<p>In Dank und Anerkennung seiner Leistungen ernennt die Mitgliederversammlung unseren &#8222;Alterspr\u00e4sident&#8220;, den Oldtimerfreund Gerald Winkler zum &#8222;Ehrenmitglied des OTVN&#8220;.<\/p>\n<p><a href=\"http:\/\/www.otvn.de\/wp-content\/uploads\/IMG-20150131-WA0000.jpg\"><img loading=\"lazy\" class=\"alignnone size-full wp-image-2772\" src=\"http:\/\/www.otvn.de\/wp-content\/uploads\/IMG-20150131-WA0000.jpg\" alt=\"IMG-20150131-WA0000\" width=\"640\" height=\"852\" srcset=\"http:\/\/www.otvn.de\/wp-content\/uploads\/IMG-20150131-WA0000.jpg 640w, http:\/\/www.otvn.de\/wp-content\/uploads\/IMG-20150131-WA0000-225x300.jpg 225w\" sizes=\"(max-width: 640px) 100vw, 640px\" \/><\/a><\/p>\n<p>01.10.16<\/p>\n<p>Der 12. im Bunde ist Roland Gr\u00e4ber aus Ehrenfriedersdorf mit seiner BMW R 35 und einer Nimbus 750 ccm mit Beiwagen<\/p>\n<p>17.02.23<\/p>\n<p>Nach viermaliger Wiederwahl seit 2013 hat der langj\u00e4hrige Vorstandsvorsitzende des Vereins, Lars G\u00e4rtner, nicht mehr kandidiert. In der Mitgliederversammlung wurden Rene G\u00e4rtner als Vorsitzender und Enrico Mey als dessen Stellvertreter neu gew\u00e4hlt.<\/p>\n<p>Lars G\u00e4rtner wurde von der Mitgliederversammlung einstimmig, zum zweiten Ehrenmitglied des Vereins ernannt.<\/p>\n","protected":false},"excerpt":{"rendered":"<p>\u00a0Bild Gr\u00fcndungsversammlung Am 02.12.2012 fanden sich Oldtimerfreunde aus Neundorf und Wiesa zusammen, um einen Verein zu gr\u00fcnden, der allen Oldtimer- und Technikinteressierten in der Gemeinde Thermalbad Wiesenbad und in der Umgebung einen gemeinsamen Anlaufpunkt bietet. Nachdem in Neundorf bereits anl\u00e4sslich des Feuerwehrfestes 2010 und des Dorffestes 2011 Oldtimer-Wertungsfahrten organisiert wurden, war es immer wieder das Anliegen einzelner Oldtimerbesitzer, sich in<\/p>\n","protected":false},"author":1,"featured_media":0,"parent":0,"menu_order":1,"comment_status":"closed","ping_status":"closed","template":"","meta":[],"_links":{"self":[{"href":"http:\/\/www.otvn.de\/index.php?rest_route=\/wp\/v2\/pages\/26"}],"collection":[{"href":"http:\/\/www.otvn.de\/index.php?rest_route=\/wp\/v2\/pages"}],"about":[{"href":"http:\/\/www.otvn.de\/index.php?rest_route=\/wp\/v2\/types\/page"}],"author":[{"embeddable":true,"href":"http:\/\/www.otvn.de\/index.php?rest_route=\/wp\/v2\/users\/1"}],"replies":[{"embeddable":true,"href":"http:\/\/www.otvn.de\/index.php?rest_route=%2Fwp%2Fv2%2Fcomments&post=26"}],"version-history":[{"count":51,"href":"http:\/\/www.otvn.de\/index.php?rest_route=\/wp\/v2\/pages\/26\/revisions"}],"predecessor-version":[{"id":5438,"href":"http:\/\/www.otvn.de\/index.php?rest_route=\/wp\/v2\/pages\/26\/revisions\/5438"}],"wp:attachment":[{"href":"http:\/\/www.otvn.de\/index.php?rest_route=%2Fwp%2Fv2%2Fmedia&parent=26"}],"curies":[{"name":"wp","href":"https:\/\/api.w.org\/{rel}","templated":true}]}}