{"id":2725,"date":"2014-10-20T19:04:39","date_gmt":"2014-10-20T17:04:39","guid":{"rendered":"http:\/\/www.otvn.de\/?page_id=2725"},"modified":"2023-02-18T12:53:56","modified_gmt":"2023-02-18T11:53:56","slug":"impressum","status":"publish","type":"page","link":"http:\/\/www.otvn.de\/?page_id=2725","title":{"rendered":"Impressum"},"content":{"rendered":"<p><strong>Verantwortlich f\u00fcr den Inhalt dieser Seiten:<\/strong><\/p>\n<p>Oldtimer-Technik-Verein Neundorf e.V. (OTVN)<\/p>\n<p>Kontakt:<\/p>\n<p>c\/o Ren\u00e9 G\u00e4rtner<\/p>\n<p>Hauptstra\u00dfe 31<\/p>\n<p>OT Neundorf<\/p>\n<p><span style=\"font-size: 1em;\">09488 Thermalbad Wiesenbad<\/span><\/p>\n<p>E-Mail: derdadi1961@gmail.com<\/p>\n<p>&#8212;&#8212;&#8212;&#8212;&#8212;&#8212;&#8212;&#8212;&#8212;&#8212;&#8212;&#8212;&#8212;&#8212;&#8212;&#8212;&#8212;&#8212;&#8212;&#8212;&#8212;&#8212;&#8212;&#8212;&#8212;&#8212;&#8212;&#8212;&#8212;&#8212;&#8212;&#8212;&#8212;&#8212;&#8212;&#8212;&#8212;&#8212;&#8212;&#8212;&#8212;&#8212;&#8212;-<\/p>\n<p>Umsetzung und Betreuung der Homepage:<\/p>\n<p>siehe Kontakt<\/p>\n<p>&#8212;&#8212;&#8212;&#8212;&#8212;&#8212;&#8212;&#8212;&#8212;&#8212;&#8212;&#8212;&#8212;&#8212;&#8212;&#8212;&#8212;&#8212;&#8212;&#8212;&#8212;&#8212;&#8212;&#8212;&#8212;&#8212;&#8212;&#8212;&#8212;&#8212;&#8212;&#8212;&#8212;&#8212;&#8212;&#8212;&#8212;&#8212;&#8212;&#8212;&#8212;&#8212;&#8212;<\/p>\n<p>Der Oldtimer-Technik-Verein Neundorf\u00a0e.V. ist unter der Registrierungsnummer<\/p>\n<p><strong>VR 2898<\/strong>\u00a0beim Amtsgericht Chemnitz eingetragen.<\/p>\n<p>&#8212;&#8212;&#8212;&#8212;&#8212;&#8212;&#8212;&#8212;&#8212;&#8212;&#8212;&#8212;&#8212;&#8212;&#8212;&#8212;&#8212;&#8212;&#8212;&#8212;&#8212;&#8212;&#8212;&#8212;&#8212;&#8212;&#8212;&#8212;&#8212;&#8212;&#8212;&#8212;&#8212;&#8212;&#8212;&#8212;&#8212;&#8212;&#8212;&#8212;&#8212;&#8212;&#8212;&#8211;<\/p>\n<p><strong>Haftungsausschluss:<\/strong><\/p>\n<p>Trotz sorgf\u00e4ltiger Arbeit und st\u00e4ndiger \u00dcberpr\u00fcfung unserer Seiten, k\u00f6nnen wir f\u00fcr die Richtigkeit der Inhalte keine Gew\u00e4hr \u00fcbernehmen.<\/p>\n<p>Dies gilt auch f\u00fcr Links zu Webseiten Dritter.<\/p>\n","protected":false},"excerpt":{"rendered":"<p>Verantwortlich f\u00fcr den Inhalt dieser Seiten: Oldtimer-Technik-Verein Neundorf e.V. (OTVN) Kontakt: c\/o Ren\u00e9 G\u00e4rtner Hauptstra\u00dfe 31 OT Neundorf 09488 Thermalbad Wiesenbad E-Mail: derdadi1961@gmail.com &#8212;&#8212;&#8212;&#8212;&#8212;&#8212;&#8212;&#8212;&#8212;&#8212;&#8212;&#8212;&#8212;&#8212;&#8212;&#8212;&#8212;&#8212;&#8212;&#8212;&#8212;&#8212;&#8212;&#8212;&#8212;&#8212;&#8212;&#8212;&#8212;&#8212;&#8212;&#8212;&#8212;&#8212;&#8212;&#8212;&#8212;&#8212;&#8212;&#8212;&#8212;&#8212;&#8212;- Umsetzung und Betreuung der Homepage: siehe Kontakt &#8212;&#8212;&#8212;&#8212;&#8212;&#8212;&#8212;&#8212;&#8212;&#8212;&#8212;&#8212;&#8212;&#8212;&#8212;&#8212;&#8212;&#8212;&#8212;&#8212;&#8212;&#8212;&#8212;&#8212;&#8212;&#8212;&#8212;&#8212;&#8212;&#8212;&#8212;&#8212;&#8212;&#8212;&#8212;&#8212;&#8212;&#8212;&#8212;&#8212;&#8212;&#8212;&#8212; Der Oldtimer-Technik-Verein Neundorf\u00a0e.V. ist unter der Registrierungsnummer VR 2898\u00a0beim Amtsgericht Chemnitz eingetragen. &#8212;&#8212;&#8212;&#8212;&#8212;&#8212;&#8212;&#8212;&#8212;&#8212;&#8212;&#8212;&#8212;&#8212;&#8212;&#8212;&#8212;&#8212;&#8212;&#8212;&#8212;&#8212;&#8212;&#8212;&#8212;&#8212;&#8212;&#8212;&#8212;&#8212;&#8212;&#8212;&#8212;&#8212;&#8212;&#8212;&#8212;&#8212;&#8212;&#8212;&#8212;&#8212;&#8212;&#8211; Haftungsausschluss: Trotz sorgf\u00e4ltiger Arbeit und st\u00e4ndiger \u00dcberpr\u00fcfung unserer Seiten, k\u00f6nnen wir f\u00fcr die Richtigkeit der<\/p>\n","protected":false},"author":1,"featured_media":0,"parent":0,"menu_order":14,"comment_status":"closed","ping_status":"open","template":"","meta":[],"_links":{"self":[{"href":"http:\/\/www.otvn.de\/index.php?rest_route=\/wp\/v2\/pages\/2725"}],"collection":[{"href":"http:\/\/www.otvn.de\/index.php?rest_route=\/wp\/v2\/pages"}],"about":[{"href":"http:\/\/www.otvn.de\/index.php?rest_route=\/wp\/v2\/types\/page"}],"author":[{"embeddable":true,"href":"http:\/\/www.otvn.de\/index.php?rest_route=\/wp\/v2\/users\/1"}],"replies":[{"embeddable":true,"href":"http:\/\/www.otvn.de\/index.php?rest_route=%2Fwp%2Fv2%2Fcomments&post=2725"}],"version-history":[{"count":8,"href":"http:\/\/www.otvn.de\/index.php?rest_route=\/wp\/v2\/pages\/2725\/revisions"}],"predecessor-version":[{"id":5459,"href":"http:\/\/www.otvn.de\/index.php?rest_route=\/wp\/v2\/pages\/2725\/revisions\/5459"}],"wp:attachment":[{"href":"http:\/\/www.otvn.de\/index.php?rest_route=%2Fwp%2Fv2%2Fmedia&parent=2725"}],"curies":[{"name":"wp","href":"https:\/\/api.w.org\/{rel}","templated":true}]}}