{"id":74,"date":"2013-01-21T19:32:47","date_gmt":"2013-01-21T17:32:47","guid":{"rendered":"http:\/\/www.otvn.de\/?page_id=74"},"modified":"2014-12-27T12:59:37","modified_gmt":"2014-12-27T11:59:37","slug":"downloads","status":"publish","type":"page","link":"http:\/\/www.otvn.de\/?page_id=74","title":{"rendered":"Downloads"},"content":{"rendered":"<p style=\"text-align: center;\">Hier k\u00f6nnen Sie alle notwendigen Unterlagen, die Sie f\u00fcr eine Aufnahme im Verein ben\u00f6tigen, ansehen oder downloaden.<a href=\"http:\/\/www.otvn.de\/?attachment_id=76\" rel=\"attachment wp-att-76\"><br \/>\n<\/a><\/p>\n<p style=\"text-align: center;\">1. Satzung des Vereins:<a href=\"http:\/\/www.otvn.de\/?attachment_id=5\" rel=\"attachment wp-att-5\"><br \/>\n<\/a><\/p>\n<p style=\"text-align: center;\"><a href=\"http:\/\/www.otvn.de\/?attachment_id=5\" rel=\"attachment wp-att-5\">\u00a0<\/a><a href=\"http:\/\/www.otvn.de\/wp-content\/uploads\/Satzung-ev.pdf\">Vereinssatzung<\/a><a href=\"http:\/\/www.otvn.de\/?attachment_id=88\" rel=\"attachment wp-att-88\"><br \/>\n<\/a><\/p>\n<p style=\"text-align: center;\">2. Beitragsrichtlinie:<\/p>\n<p style=\"text-align: center;\"><a href=\"http:\/\/www.otvn.de\/wp-content\/uploads\/Beitragsrichtlinie1.pdf\">Beitragsrichtlinie<\/a><\/p>\n<p style=\"text-align: center;\">3. Aufnahmeantrag:<\/p>\n<p style=\"text-align: center;\"><a href=\"http:\/\/www.otvn.de\/wp-content\/uploads\/Aufnahmeantrag-neu.pdf\">Aufnahmeantrag<\/a><\/p>\n","protected":false},"excerpt":{"rendered":"<p>Hier k\u00f6nnen Sie alle notwendigen Unterlagen, die Sie f\u00fcr eine Aufnahme im Verein ben\u00f6tigen, ansehen oder downloaden. 1. Satzung des Vereins: \u00a0Vereinssatzung 2. Beitragsrichtlinie: Beitragsrichtlinie 3. Aufnahmeantrag: Aufnahmeantrag<\/p>\n","protected":false},"author":1,"featured_media":0,"parent":0,"menu_order":13,"comment_status":"closed","ping_status":"open","template":"","meta":[],"_links":{"self":[{"href":"http:\/\/www.otvn.de\/index.php?rest_route=\/wp\/v2\/pages\/74"}],"collection":[{"href":"http:\/\/www.otvn.de\/index.php?rest_route=\/wp\/v2\/pages"}],"about":[{"href":"http:\/\/www.otvn.de\/index.php?rest_route=\/wp\/v2\/types\/page"}],"author":[{"embeddable":true,"href":"http:\/\/www.otvn.de\/index.php?rest_route=\/wp\/v2\/users\/1"}],"replies":[{"embeddable":true,"href":"http:\/\/www.otvn.de\/index.php?rest_route=%2Fwp%2Fv2%2Fcomments&post=74"}],"version-history":[{"count":16,"href":"http:\/\/www.otvn.de\/index.php?rest_route=\/wp\/v2\/pages\/74\/revisions"}],"predecessor-version":[{"id":2737,"href":"http:\/\/www.otvn.de\/index.php?rest_route=\/wp\/v2\/pages\/74\/revisions\/2737"}],"wp:attachment":[{"href":"http:\/\/www.otvn.de\/index.php?rest_route=%2Fwp%2Fv2%2Fmedia&parent=74"}],"curies":[{"name":"wp","href":"https:\/\/api.w.org\/{rel}","templated":true}]}}