{"id":98,"date":"2013-01-22T00:17:05","date_gmt":"2013-01-21T22:17:05","guid":{"rendered":"http:\/\/www.otvn.de\/?page_id=98"},"modified":"2023-02-18T08:25:09","modified_gmt":"2023-02-18T07:25:09","slug":"fahrzeuge","status":"publish","type":"page","link":"http:\/\/www.otvn.de\/?page_id=98","title":{"rendered":"Fahrzeuge und Technik der Mitglieder"},"content":{"rendered":"<p><strong>&#8230; (bzw. eine Auswahl dieser) sehen Sie hier:<\/strong><\/p>\n<h3 style=\"text-align: center;\"><span style=\"color: #993366;\"><strong>Unser Vereinsfahrzeug:<\/strong><\/span><\/h3>\n<h3><strong>Multicar M22, Leiteraufbau 10m,\u00a0<\/strong><\/h3>\n<p><a href=\"http:\/\/www.otvn.de\/wp-content\/uploads\/IMG-20200528-WA0022-Kopie.jpg\"><img loading=\"lazy\" class=\"alignnone size-full wp-image-4606\" src=\"http:\/\/www.otvn.de\/wp-content\/uploads\/IMG-20200528-WA0022-Kopie.jpg\" alt=\"\" width=\"1000\" height=\"750\" srcset=\"http:\/\/www.otvn.de\/wp-content\/uploads\/IMG-20200528-WA0022-Kopie.jpg 1000w, http:\/\/www.otvn.de\/wp-content\/uploads\/IMG-20200528-WA0022-Kopie-300x225.jpg 300w, http:\/\/www.otvn.de\/wp-content\/uploads\/IMG-20200528-WA0022-Kopie-768x576.jpg 768w, http:\/\/www.otvn.de\/wp-content\/uploads\/IMG-20200528-WA0022-Kopie-400x300.jpg 400w\" sizes=\"(max-width: 1000px) 100vw, 1000px\" \/><\/a><\/p>\n<p style=\"text-align: left;\">\n<hr \/>\n<h4 style=\"text-align: center;\"><span style=\"color: #993366;\"><strong>von Lars G\u00e4rtner,\u00a0<\/strong><\/span><\/h4>\n<p><strong>Ehrenmitglied des Vereins, DKW E 300 Bj. 1928<\/strong><\/p>\n<p><a href=\"http:\/\/www.otvn.de\/wp-content\/uploads\/IMG_53371.jpg\"><img loading=\"lazy\" class=\"alignnone size-full wp-image-980\" src=\"http:\/\/www.otvn.de\/wp-content\/uploads\/IMG_53371.jpg\" alt=\"\" width=\"1000\" height=\"750\" srcset=\"http:\/\/www.otvn.de\/wp-content\/uploads\/IMG_53371.jpg 1000w, http:\/\/www.otvn.de\/wp-content\/uploads\/IMG_53371-300x225.jpg 300w, http:\/\/www.otvn.de\/wp-content\/uploads\/IMG_53371-400x300.jpg 400w\" sizes=\"(max-width: 1000px) 100vw, 1000px\" \/><\/a><\/p>\n<p><strong>New Map OHV 3, 350ccm, Bj.1931, Frankreich<\/strong><\/p>\n<p><a href=\"http:\/\/www.otvn.de\/wp-content\/uploads\/20200802_112003-Kopie.jpg\"><img loading=\"lazy\" class=\"alignnone size-full wp-image-4450\" src=\"http:\/\/www.otvn.de\/wp-content\/uploads\/20200802_112003-Kopie.jpg\" alt=\"\" width=\"1000\" height=\"563\" srcset=\"http:\/\/www.otvn.de\/wp-content\/uploads\/20200802_112003-Kopie.jpg 1000w, http:\/\/www.otvn.de\/wp-content\/uploads\/20200802_112003-Kopie-300x169.jpg 300w, http:\/\/www.otvn.de\/wp-content\/uploads\/20200802_112003-Kopie-768x432.jpg 768w, http:\/\/www.otvn.de\/wp-content\/uploads\/20200802_112003-Kopie-500x282.jpg 500w\" sizes=\"(max-width: 1000px) 100vw, 1000px\" \/><\/a><\/p>\n<p><strong>Jawa 559, Bj. 1963<\/strong><\/p>\n<p><a href=\"http:\/\/www.otvn.de\/wp-content\/uploads\/20150607_135246-1.jpg\"><img loading=\"lazy\" class=\"alignnone size-full wp-image-3793\" src=\"http:\/\/www.otvn.de\/wp-content\/uploads\/20150607_135246-1.jpg\" alt=\"\" width=\"1000\" height=\"750\" srcset=\"http:\/\/www.otvn.de\/wp-content\/uploads\/20150607_135246-1.jpg 1000w, http:\/\/www.otvn.de\/wp-content\/uploads\/20150607_135246-1-300x225.jpg 300w, http:\/\/www.otvn.de\/wp-content\/uploads\/20150607_135246-1-768x576.jpg 768w, http:\/\/www.otvn.de\/wp-content\/uploads\/20150607_135246-1-400x300.jpg 400w\" sizes=\"(max-width: 1000px) 100vw, 1000px\" \/><\/a><\/p>\n<p><strong>Fiat 124 Spider, Bj.1970<\/strong><\/p>\n<p><a href=\"http:\/\/www.otvn.de\/wp-content\/uploads\/20200406_155512-Kopie.jpg\"><img loading=\"lazy\" class=\"alignnone size-full wp-image-4377\" src=\"http:\/\/www.otvn.de\/wp-content\/uploads\/20200406_155512-Kopie.jpg\" alt=\"\" width=\"1000\" height=\"750\" srcset=\"http:\/\/www.otvn.de\/wp-content\/uploads\/20200406_155512-Kopie.jpg 1000w, http:\/\/www.otvn.de\/wp-content\/uploads\/20200406_155512-Kopie-300x225.jpg 300w, http:\/\/www.otvn.de\/wp-content\/uploads\/20200406_155512-Kopie-768x576.jpg 768w, http:\/\/www.otvn.de\/wp-content\/uploads\/20200406_155512-Kopie-400x300.jpg 400w\" sizes=\"(max-width: 1000px) 100vw, 1000px\" \/><\/a><\/p>\n<p><strong>MZ TS 150 Bj. 1981, ,Scheunenfund<\/strong><\/p>\n<p><strong><a href=\"http:\/\/www.otvn.de\/wp-content\/uploads\/20200329_110542-Kopie.jpg\"><img loading=\"lazy\" class=\"alignnone size-full wp-image-4342\" src=\"http:\/\/www.otvn.de\/wp-content\/uploads\/20200329_110542-Kopie.jpg\" alt=\"\" width=\"1000\" height=\"1333\" srcset=\"http:\/\/www.otvn.de\/wp-content\/uploads\/20200329_110542-Kopie.jpg 1000w, http:\/\/www.otvn.de\/wp-content\/uploads\/20200329_110542-Kopie-225x300.jpg 225w, http:\/\/www.otvn.de\/wp-content\/uploads\/20200329_110542-Kopie-768x1024.jpg 768w\" sizes=\"(max-width: 1000px) 100vw, 1000px\" \/><\/a>und da wir uns nicht umsonst auch &#8222;Technik-Verein&#8220; nennen, eine Feuerwehr bzw. Luftschutz-Tragkraftspritze Metz TS 2<\/strong><\/p>\n<p><a href=\"http:\/\/www.otvn.de\/wp-content\/uploads\/20150207_152927.jpg\"><img loading=\"lazy\" class=\"alignnone size-full wp-image-3795\" src=\"http:\/\/www.otvn.de\/wp-content\/uploads\/20150207_152927.jpg\" alt=\"\" width=\"1000\" height=\"750\" srcset=\"http:\/\/www.otvn.de\/wp-content\/uploads\/20150207_152927.jpg 1000w, http:\/\/www.otvn.de\/wp-content\/uploads\/20150207_152927-300x225.jpg 300w, http:\/\/www.otvn.de\/wp-content\/uploads\/20150207_152927-768x576.jpg 768w, http:\/\/www.otvn.de\/wp-content\/uploads\/20150207_152927-400x300.jpg 400w\" sizes=\"(max-width: 1000px) 100vw, 1000px\" \/><\/a><\/p>\n<hr \/>\n<p>Husqvarna WR 250, Bj. 1979<\/p>\n<h4 style=\"text-align: center;\"><span style=\"color: #993366;\"><strong>-von Gerald Winkler, <\/strong><\/span><\/h4>\n<p><strong>Ehrenmitglied des Vereins, DKW KM 200 Bj.1935<\/strong><\/p>\n<p><a href=\"http:\/\/www.otvn.de\/wp-content\/uploads\/Gerald1.png\"><img loading=\"lazy\" src=\"http:\/\/www.otvn.de\/wp-content\/uploads\/Gerald1-300x175.png\" alt=\"Gerald\" width=\"300\" height=\"175\" \/><\/a><\/p>\n<p><strong>Triumph Spitfire MK 4<\/strong><\/p>\n<p><a href=\"http:\/\/www.otvn.de\/wp-content\/uploads\/IMG-20200528-WA0016-Kopie.jpg\"><img loading=\"lazy\" class=\"alignnone size-full wp-image-4600\" src=\"http:\/\/www.otvn.de\/wp-content\/uploads\/IMG-20200528-WA0016-Kopie.jpg\" alt=\"\" width=\"1000\" height=\"750\" srcset=\"http:\/\/www.otvn.de\/wp-content\/uploads\/IMG-20200528-WA0016-Kopie.jpg 1000w, http:\/\/www.otvn.de\/wp-content\/uploads\/IMG-20200528-WA0016-Kopie-300x225.jpg 300w, http:\/\/www.otvn.de\/wp-content\/uploads\/IMG-20200528-WA0016-Kopie-768x576.jpg 768w, http:\/\/www.otvn.de\/wp-content\/uploads\/IMG-20200528-WA0016-Kopie-400x300.jpg 400w\" sizes=\"(max-width: 1000px) 100vw, 1000px\" \/><\/a><\/p>\n<hr \/>\n<h4><\/h4>\n<h4 style=\"text-align: center; padding-left: 80px;\"><strong><span style=\"color: #993366;\">-von Ren\u00e9 G\u00e4rtner, <\/span><\/strong><\/h4>\n<p><strong>Mercedes SL 280 Bj. 1978<\/strong><\/p>\n<p><a href=\"http:\/\/www.otvn.de\/wp-content\/uploads\/IMG-20200426-WA0002-Kopie.jpg\"><img loading=\"lazy\" class=\"alignnone size-full wp-image-4546\" src=\"http:\/\/www.otvn.de\/wp-content\/uploads\/IMG-20200426-WA0002-Kopie.jpg\" alt=\"\" width=\"1000\" height=\"563\" srcset=\"http:\/\/www.otvn.de\/wp-content\/uploads\/IMG-20200426-WA0002-Kopie.jpg 1000w, http:\/\/www.otvn.de\/wp-content\/uploads\/IMG-20200426-WA0002-Kopie-300x169.jpg 300w, http:\/\/www.otvn.de\/wp-content\/uploads\/IMG-20200426-WA0002-Kopie-768x432.jpg 768w, http:\/\/www.otvn.de\/wp-content\/uploads\/IMG-20200426-WA0002-Kopie-500x282.jpg 500w\" sizes=\"(max-width: 1000px) 100vw, 1000px\" \/><\/a><\/p>\n<p><strong>BMW R 61, Bj 1941<\/strong><\/p>\n<p><a href=\"http:\/\/www.otvn.de\/wp-content\/uploads\/20160807_142654-1.jpg\"><img loading=\"lazy\" class=\"alignnone size-full wp-image-3797\" src=\"http:\/\/www.otvn.de\/wp-content\/uploads\/20160807_142654-1.jpg\" alt=\"\" width=\"1000\" height=\"750\" srcset=\"http:\/\/www.otvn.de\/wp-content\/uploads\/20160807_142654-1.jpg 1000w, http:\/\/www.otvn.de\/wp-content\/uploads\/20160807_142654-1-300x225.jpg 300w, http:\/\/www.otvn.de\/wp-content\/uploads\/20160807_142654-1-768x576.jpg 768w, http:\/\/www.otvn.de\/wp-content\/uploads\/20160807_142654-1-400x300.jpg 400w\" sizes=\"(max-width: 1000px) 100vw, 1000px\" \/><\/a><\/p>\n<p><strong>BMW R 50\/2 Gespann Bj. 1964<\/strong><\/p>\n<p><a href=\"http:\/\/www.otvn.de\/wp-content\/uploads\/IMG_6214-1.jpg\"><img loading=\"lazy\" class=\"alignnone size-full wp-image-3798\" src=\"http:\/\/www.otvn.de\/wp-content\/uploads\/IMG_6214-1.jpg\" alt=\"\" width=\"1000\" height=\"750\" srcset=\"http:\/\/www.otvn.de\/wp-content\/uploads\/IMG_6214-1.jpg 1000w, http:\/\/www.otvn.de\/wp-content\/uploads\/IMG_6214-1-300x225.jpg 300w, http:\/\/www.otvn.de\/wp-content\/uploads\/IMG_6214-1-768x576.jpg 768w, http:\/\/www.otvn.de\/wp-content\/uploads\/IMG_6214-1-400x300.jpg 400w\" sizes=\"(max-width: 1000px) 100vw, 1000px\" \/><\/a><\/p>\n<p>Simson, SR 2; BMW R 100 RT<\/p>\n<hr \/>\n<h4 style=\"text-align: center;\"><span style=\"color: #993366;\"><strong>&#8211; von Thomas Mey,\u00a0<\/strong><\/span><\/h4>\n<p><strong>EMW R 35\/3 Bj. 1954<\/strong><\/p>\n<p><a href=\"http:\/\/www.otvn.de\/wp-content\/uploads\/T.-Mey.png\"><img loading=\"lazy\" class=\"alignnone wp-image-324\" src=\"http:\/\/www.otvn.de\/wp-content\/uploads\/T.-Mey.png\" alt=\"T. Mey\" width=\"308\" height=\"231\" srcset=\"http:\/\/www.otvn.de\/wp-content\/uploads\/T.-Mey.png 384w, http:\/\/www.otvn.de\/wp-content\/uploads\/T.-Mey-300x225.png 300w\" sizes=\"(max-width: 308px) 100vw, 308px\" \/><\/a><\/p>\n<p>MZ, ETZ 150<\/p>\n<hr \/>\n<h4 style=\"text-align: center;\"><span style=\"color: #993366;\"><strong>-von Markus L\u00e4mmel, \u00a0<\/strong><\/span><\/h4>\n<p><strong>MZ RT 125\/2 Bj. 1956<\/strong><\/p>\n<p><a href=\"http:\/\/www.otvn.de\/wp-content\/uploads\/IMG-20201219-WA0001.jpg\"><img loading=\"lazy\" class=\"alignnone size-full wp-image-4720\" src=\"http:\/\/www.otvn.de\/wp-content\/uploads\/IMG-20201219-WA0001.jpg\" alt=\"\" width=\"1000\" height=\"736\" srcset=\"http:\/\/www.otvn.de\/wp-content\/uploads\/IMG-20201219-WA0001.jpg 1000w, http:\/\/www.otvn.de\/wp-content\/uploads\/IMG-20201219-WA0001-300x221.jpg 300w, http:\/\/www.otvn.de\/wp-content\/uploads\/IMG-20201219-WA0001-768x565.jpg 768w\" sizes=\"(max-width: 1000px) 100vw, 1000px\" \/><\/a><\/p>\n<p><strong>DKW SB 500 Bj. 1938<\/strong><\/p>\n<p><a href=\"http:\/\/www.otvn.de\/wp-content\/uploads\/IMG-20201219-WA0000.jpg\"><img loading=\"lazy\" class=\"alignnone size-full wp-image-4719\" src=\"http:\/\/www.otvn.de\/wp-content\/uploads\/IMG-20201219-WA0000.jpg\" alt=\"\" width=\"1000\" height=\"576\" srcset=\"http:\/\/www.otvn.de\/wp-content\/uploads\/IMG-20201219-WA0000.jpg 1000w, http:\/\/www.otvn.de\/wp-content\/uploads\/IMG-20201219-WA0000-300x173.jpg 300w, http:\/\/www.otvn.de\/wp-content\/uploads\/IMG-20201219-WA0000-768x442.jpg 768w\" sizes=\"(max-width: 1000px) 100vw, 1000px\" \/><\/a><\/p>\n<hr \/>\n<h4 style=\"text-align: center;\"><span style=\"color: #993366;\"><strong>-von Ronny Winkler, <\/strong><\/span><\/h4>\n<p><strong>unser Zweitakt-Boxer-Vertreter mit MZ BK 350 Bj. 1958<\/strong><\/p>\n<p><a href=\"http:\/\/www.otvn.de\/wp-content\/uploads\/ronny.jpg\"><img loading=\"lazy\" src=\"http:\/\/www.otvn.de\/wp-content\/uploads\/ronny-300x200.jpg\" alt=\"ronny\" width=\"300\" height=\"200\" \/><\/a><\/p>\n<hr \/>\n<h4 style=\"text-align: center;\"><span style=\"color: #993366;\"><strong>-Der Winkler&#8217;sche Fuhrpark gesamt<\/strong><\/span><\/h4>\n<p><a href=\"http:\/\/www.otvn.de\/wp-content\/uploads\/IMG-20200514-WA0002-Kopie.jpg\"><img loading=\"lazy\" class=\"alignnone size-full wp-image-4558\" src=\"http:\/\/www.otvn.de\/wp-content\/uploads\/IMG-20200514-WA0002-Kopie.jpg\" alt=\"\" width=\"1000\" height=\"669\" srcset=\"http:\/\/www.otvn.de\/wp-content\/uploads\/IMG-20200514-WA0002-Kopie.jpg 1000w, http:\/\/www.otvn.de\/wp-content\/uploads\/IMG-20200514-WA0002-Kopie-300x201.jpg 300w, http:\/\/www.otvn.de\/wp-content\/uploads\/IMG-20200514-WA0002-Kopie-768x514.jpg 768w, http:\/\/www.otvn.de\/wp-content\/uploads\/IMG-20200514-WA0002-Kopie-448x300.jpg 448w\" sizes=\"(max-width: 1000px) 100vw, 1000px\" \/><\/a><\/p>\n<hr \/>\n<h4 style=\"text-align: center;\"><span style=\"color: #993366;\"><strong>-von G\u00fcnter H\u00f6rig, <\/strong><\/span><\/h4>\n<p><strong>AWO 425 Touren, Bj. 1960<\/strong><\/p>\n<p><a href=\"http:\/\/www.otvn.de\/wp-content\/uploads\/AWO-Juni-2013-2211.jpg\"><img loading=\"lazy\" class=\"alignnone size-full wp-image-1276\" src=\"http:\/\/www.otvn.de\/wp-content\/uploads\/AWO-Juni-2013-2211.jpg\" alt=\"AWO Juni 2013 221\" width=\"300\" height=\"225\" \/><\/a><\/p>\n<p><strong>und M\u00e4hdrescher Fahr M 66, Bj 1972<\/strong><\/p>\n<p><a href=\"http:\/\/www.otvn.de\/wp-content\/uploads\/IMG-20160807-WA00011.jpg\"><img loading=\"lazy\" class=\"alignnone size-full wp-image-3589\" src=\"http:\/\/www.otvn.de\/wp-content\/uploads\/IMG-20160807-WA00011.jpg\" alt=\"IMG-20160807-WA0001\" width=\"1200\" height=\"675\" srcset=\"http:\/\/www.otvn.de\/wp-content\/uploads\/IMG-20160807-WA00011.jpg 1200w, http:\/\/www.otvn.de\/wp-content\/uploads\/IMG-20160807-WA00011-300x168.jpg 300w, http:\/\/www.otvn.de\/wp-content\/uploads\/IMG-20160807-WA00011-1024x576.jpg 1024w\" sizes=\"(max-width: 1200px) 100vw, 1200px\" \/><\/a><\/p>\n<hr \/>\n<h4 style=\"text-align: center;\"><span style=\"color: #993366;\"><strong>-von Sieghard Mey, <\/strong><\/span><\/h4>\n<p><strong>Jawa 350 &#8222;Typ 354 Export&#8220;<\/strong><\/p>\n<p><a href=\"http:\/\/www.otvn.de\/wp-content\/uploads\/20130509_143430-1.jpg\"><img loading=\"lazy\" class=\"alignnone size-full wp-image-3799\" src=\"http:\/\/www.otvn.de\/wp-content\/uploads\/20130509_143430-1.jpg\" alt=\"\" width=\"1000\" height=\"750\" srcset=\"http:\/\/www.otvn.de\/wp-content\/uploads\/20130509_143430-1.jpg 1000w, http:\/\/www.otvn.de\/wp-content\/uploads\/20130509_143430-1-300x225.jpg 300w, http:\/\/www.otvn.de\/wp-content\/uploads\/20130509_143430-1-768x576.jpg 768w, http:\/\/www.otvn.de\/wp-content\/uploads\/20130509_143430-1-400x300.jpg 400w\" sizes=\"(max-width: 1000px) 100vw, 1000px\" \/><\/a><\/p>\n<hr \/>\n<p>MZ BK 350<\/p>\n<h4 style=\"text-align: center;\"><span style=\"color: #993366;\"><strong>-von Enrico Mey, <\/strong><\/span><\/h4>\n<p><strong>Famulus RS 14\/36 Bj. 1961<\/strong><\/p>\n<p><a href=\"http:\/\/www.otvn.de\/wp-content\/uploads\/IMG-20200711-WA0013-Kopie.jpg\"><img loading=\"lazy\" class=\"alignnone size-full wp-image-4650\" src=\"http:\/\/www.otvn.de\/wp-content\/uploads\/IMG-20200711-WA0013-Kopie.jpg\" alt=\"\" width=\"1000\" height=\"630\" srcset=\"http:\/\/www.otvn.de\/wp-content\/uploads\/IMG-20200711-WA0013-Kopie.jpg 1000w, http:\/\/www.otvn.de\/wp-content\/uploads\/IMG-20200711-WA0013-Kopie-300x189.jpg 300w, http:\/\/www.otvn.de\/wp-content\/uploads\/IMG-20200711-WA0013-Kopie-768x484.jpg 768w, http:\/\/www.otvn.de\/wp-content\/uploads\/IMG-20200711-WA0013-Kopie-476x300.jpg 476w\" sizes=\"(max-width: 1000px) 100vw, 1000px\" \/><\/a><\/p>\n<p><strong>Trabant 601<\/strong><\/p>\n<p><a href=\"http:\/\/www.otvn.de\/wp-content\/uploads\/20160807_145713-1.jpg\"><img loading=\"lazy\" class=\"alignnone size-full wp-image-3800\" src=\"http:\/\/www.otvn.de\/wp-content\/uploads\/20160807_145713-1.jpg\" alt=\"\" width=\"1000\" height=\"750\" srcset=\"http:\/\/www.otvn.de\/wp-content\/uploads\/20160807_145713-1.jpg 1000w, http:\/\/www.otvn.de\/wp-content\/uploads\/20160807_145713-1-300x225.jpg 300w, http:\/\/www.otvn.de\/wp-content\/uploads\/20160807_145713-1-768x576.jpg 768w, http:\/\/www.otvn.de\/wp-content\/uploads\/20160807_145713-1-400x300.jpg 400w\" sizes=\"(max-width: 1000px) 100vw, 1000px\" \/><\/a><\/p>\n<p><strong>Belarus MTS 52 BJ. 1968<\/strong><\/p>\n<p><a href=\"http:\/\/www.otvn.de\/wp-content\/uploads\/IMG-20201222-WA0000.jpg\"><img loading=\"lazy\" class=\"alignnone size-full wp-image-4715\" src=\"http:\/\/www.otvn.de\/wp-content\/uploads\/IMG-20201222-WA0000.jpg\" alt=\"\" width=\"1000\" height=\"750\" srcset=\"http:\/\/www.otvn.de\/wp-content\/uploads\/IMG-20201222-WA0000.jpg 1000w, http:\/\/www.otvn.de\/wp-content\/uploads\/IMG-20201222-WA0000-300x225.jpg 300w, http:\/\/www.otvn.de\/wp-content\/uploads\/IMG-20201222-WA0000-768x576.jpg 768w\" sizes=\"(max-width: 1000px) 100vw, 1000px\" \/><\/a><\/p>\n<hr \/>\n<p>Simson SR 50, Simson KR51 Schwalbe<\/p>\n<h4 style=\"text-align: center;\"><span style=\"color: #993366;\"><strong>-von Mirko Schiefer, <\/strong><\/span><\/h4>\n<p style=\"text-align: left;\"><strong>der Ost-Milit\u00e4r-Experte,<\/strong><\/p>\n<p><strong>MZ ETZ 250 A Bj. 1985<\/strong><\/p>\n<p><a href=\"http:\/\/www.otvn.de\/wp-content\/uploads\/IMG-20140317-WA00001.jpg\"><img loading=\"lazy\" class=\"alignnone size-full wp-image-2004\" src=\"http:\/\/www.otvn.de\/wp-content\/uploads\/IMG-20140317-WA00001.jpg\" alt=\"IMG-20140317-WA0000\" width=\"300\" height=\"400\" srcset=\"http:\/\/www.otvn.de\/wp-content\/uploads\/IMG-20140317-WA00001.jpg 300w, http:\/\/www.otvn.de\/wp-content\/uploads\/IMG-20140317-WA00001-225x300.jpg 225w\" sizes=\"(max-width: 300px) 100vw, 300px\" \/><\/a><\/p>\n<p><strong>Trabant\u00a0600\/A K\u00fcbel Bj. 1984<\/strong><\/p>\n<p><a href=\"http:\/\/www.otvn.de\/wp-content\/uploads\/T-klein.jpg\"><img loading=\"lazy\" src=\"http:\/\/www.otvn.de\/wp-content\/uploads\/T-klein-300x225.jpg\" alt=\"OLYMPUS DIGITAL CAMERA\" width=\"300\" height=\"225\" \/><\/a><\/p>\n<p><strong>Uaz 469 B \u00a0Bj. 1975<\/strong><\/p>\n<p><a href=\"http:\/\/www.otvn.de\/wp-content\/uploads\/Pklein.jpg\"><img loading=\"lazy\" src=\"http:\/\/www.otvn.de\/wp-content\/uploads\/Pklein-300x225.jpg\" alt=\"OLYMPUS DIGITAL CAMERA\" width=\"300\" height=\"225\" \/><\/a><\/p>\n<hr \/>\n<h4 style=\"text-align: center;\"><span style=\"color: #993366;\"><strong>-von Roland Gr\u00e4ber, <\/strong><\/span><\/h4>\n<p><strong>BMW R 35<\/strong><\/p>\n<p><a href=\"http:\/\/www.otvn.de\/wp-content\/uploads\/IMG-20161021-WA0001.jpg\"><img loading=\"lazy\" class=\"alignnone size-full wp-image-3441\" src=\"http:\/\/www.otvn.de\/wp-content\/uploads\/IMG-20161021-WA0001.jpg\" alt=\"img-20161021-wa0001\" width=\"300\" height=\"225\" \/><\/a><\/p>\n<p><strong>und Nimbus 750 ccm<\/strong><\/p>\n<p><a href=\"http:\/\/www.otvn.de\/wp-content\/uploads\/IMG-20170618-WA0005.jpg\"><img loading=\"lazy\" class=\"alignnone size-full wp-image-3590\" src=\"http:\/\/www.otvn.de\/wp-content\/uploads\/IMG-20170618-WA0005.jpg\" alt=\"IMG-20170618-WA0005\" width=\"1200\" height=\"900\" srcset=\"http:\/\/www.otvn.de\/wp-content\/uploads\/IMG-20170618-WA0005.jpg 1200w, http:\/\/www.otvn.de\/wp-content\/uploads\/IMG-20170618-WA0005-300x225.jpg 300w, http:\/\/www.otvn.de\/wp-content\/uploads\/IMG-20170618-WA0005-1024x768.jpg 1024w\" sizes=\"(max-width: 1200px) 100vw, 1200px\" \/><\/a><\/p>\n<hr \/>\n<h4 style=\"text-align: center;\"><span style=\"color: #993366;\"><strong>-von Wilfried Obst, <\/strong><\/span><\/h4>\n<p><strong>der Mann f\u00fcrs Gro\u00dfe&#8230;diverse LKW, Traktoren und Bagger sowie Trabant K\u00fcbel<\/strong><\/p>\n","protected":false},"excerpt":{"rendered":"<p>&#8230; (bzw. eine Auswahl dieser) sehen Sie hier: Unser Vereinsfahrzeug: Multicar M22, Leiteraufbau 10m,\u00a0 von Lars G\u00e4rtner,\u00a0 Ehrenmitglied des Vereins, DKW E 300 Bj. 1928 New Map OHV 3, 350ccm, Bj.1931, Frankreich Jawa 559, Bj. 1963 Fiat 124 Spider, Bj.1970 MZ TS 150 Bj. 1981, ,Scheunenfund und da wir uns nicht umsonst auch &#8222;Technik-Verein&#8220; nennen, eine Feuerwehr bzw. Luftschutz-Tragkraftspritze Metz<\/p>\n","protected":false},"author":1,"featured_media":0,"parent":0,"menu_order":3,"comment_status":"closed","ping_status":"open","template":"","meta":[],"_links":{"self":[{"href":"http:\/\/www.otvn.de\/index.php?rest_route=\/wp\/v2\/pages\/98"}],"collection":[{"href":"http:\/\/www.otvn.de\/index.php?rest_route=\/wp\/v2\/pages"}],"about":[{"href":"http:\/\/www.otvn.de\/index.php?rest_route=\/wp\/v2\/types\/page"}],"author":[{"embeddable":true,"href":"http:\/\/www.otvn.de\/index.php?rest_route=\/wp\/v2\/users\/1"}],"replies":[{"embeddable":true,"href":"http:\/\/www.otvn.de\/index.php?rest_route=%2Fwp%2Fv2%2Fcomments&post=98"}],"version-history":[{"count":113,"href":"http:\/\/www.otvn.de\/index.php?rest_route=\/wp\/v2\/pages\/98\/revisions"}],"predecessor-version":[{"id":5451,"href":"http:\/\/www.otvn.de\/index.php?rest_route=\/wp\/v2\/pages\/98\/revisions\/5451"}],"wp:attachment":[{"href":"http:\/\/www.otvn.de\/index.php?rest_route=%2Fwp%2Fv2%2Fmedia&parent=98"}],"curies":[{"name":"wp","href":"https:\/\/api.w.org\/{rel}","templated":true}]}}